{"id":1534,"date":"2023-04-06T22:48:03","date_gmt":"2023-04-06T22:48:03","guid":{"rendered":"https:\/\/test.gaero.mx\/?page_id=1534"},"modified":"2023-06-24T17:50:31","modified_gmt":"2023-06-24T17:50:31","slug":"privacy-notice","status":"publish","type":"page","link":"https:\/\/test.gaero.mx\/index.php\/privacy-notice\/","title":{"rendered":"Privacy Notice"},"content":{"rendered":"\t\t<div data-elementor-type=\"wp-page\" data-elementor-id=\"1534\" class=\"elementor elementor-1534\">\n\t\t\t\t\t\t<section class=\"elementor-section elementor-top-section elementor-element elementor-element-6c30e5f elementor-section-height-min-height elementor-section-boxed elementor-section-height-default elementor-section-items-middle wpr-particle-no wpr-jarallax-no wpr-parallax-no wpr-sticky-section-no\" data-id=\"6c30e5f\" data-element_type=\"section\" data-settings=\"{&quot;background_background&quot;:&quot;classic&quot;,&quot;shape_divider_bottom&quot;:&quot;tilt&quot;}\">\n\t\t\t\t\t\t\t<div class=\"elementor-background-overlay\"><\/div>\n\t\t\t\t\t\t<div class=\"elementor-shape elementor-shape-bottom\" aria-hidden=\"true\" data-negative=\"false\">\n\t\t\t<svg xmlns=\"http:\/\/www.w3.org\/2000\/svg\" viewBox=\"0 0 1000 100\" preserveAspectRatio=\"none\">\n\t<path class=\"elementor-shape-fill\" d=\"M0,6V0h1000v100L0,6z\"\/>\n<\/svg>\t\t<\/div>\n\t\t\t\t\t<div class=\"elementor-container elementor-column-gap-default\">\n\t\t\t\t\t<div class=\"elementor-column elementor-col-100 elementor-top-column elementor-element elementor-element-7911e74\" data-id=\"7911e74\" data-element_type=\"column\">\n\t\t\t<div class=\"elementor-widget-wrap\">\n\t\t\t\t\t\t\t<\/div>\n\t\t<\/div>\n\t\t\t\t\t<\/div>\n\t\t<\/section>\n\t\t\t\t<section class=\"elementor-section elementor-top-section elementor-element elementor-element-081394f elementor-section-boxed elementor-section-height-default elementor-section-height-default wpr-particle-no wpr-jarallax-no wpr-parallax-no wpr-sticky-section-no\" data-id=\"081394f\" data-element_type=\"section\">\n\t\t\t\t\t\t<div class=\"elementor-container elementor-column-gap-default\">\n\t\t\t\t\t<div class=\"elementor-column elementor-col-100 elementor-top-column elementor-element elementor-element-e179855\" data-id=\"e179855\" data-element_type=\"column\">\n\t\t\t<div class=\"elementor-widget-wrap elementor-element-populated\">\n\t\t\t\t\t\t<div class=\"elementor-element elementor-element-1f1ed9e elementor-invisible elementor-widget elementor-widget-heading\" data-id=\"1f1ed9e\" data-element_type=\"widget\" data-settings=\"{&quot;_animation&quot;:&quot;fadeInDown&quot;}\" data-widget_type=\"heading.default\">\n\t\t\t\t<div class=\"elementor-widget-container\">\n\t\t\t\t\t<h2 class=\"elementor-heading-title elementor-size-default\">PRIVACY NOTICE<\/h2>\t\t\t\t<\/div>\n\t\t\t\t<\/div>\n\t\t\t\t\t<\/div>\n\t\t<\/div>\n\t\t\t\t\t<\/div>\n\t\t<\/section>\n\t\t\t\t<section class=\"elementor-section elementor-top-section elementor-element elementor-element-63429f0 elementor-section-boxed elementor-section-height-default elementor-section-height-default wpr-particle-no wpr-jarallax-no wpr-parallax-no wpr-sticky-section-no\" data-id=\"63429f0\" data-element_type=\"section\">\n\t\t\t\t\t\t<div class=\"elementor-container elementor-column-gap-default\">\n\t\t\t\t\t<div class=\"elementor-column elementor-col-100 elementor-top-column elementor-element elementor-element-931fb66\" data-id=\"931fb66\" data-element_type=\"column\">\n\t\t\t<div class=\"elementor-widget-wrap elementor-element-populated\">\n\t\t\t\t\t\t<div class=\"elementor-element elementor-element-8facdcd elementor-invisible elementor-widget elementor-widget-text-editor\" data-id=\"8facdcd\" data-element_type=\"widget\" data-settings=\"{&quot;_animation&quot;:&quot;slideInUp&quot;}\" data-widget_type=\"text-editor.default\">\n\t\t\t\t<div class=\"elementor-widget-container\">\n\t\t\t\t\t\t\t\t\t<p>In compliance to the foreseen in the Federal Law on Protection of Personal Data Held by Private Parties, we wish to inform you that on the website (www.gaero.mx) as well as on personal accounts from Gold Aeron\u00e1utica, SA de CV on social networks such as \u201cFacebook\u201d and \u201cTwitter\u201d, with address Calle 31 Sur 918 Col. La Paz, Postal Code 72160, Puebla, Pue., we are committed to protect your privacy. This Privacy Notice details the information that as client, provider and worker you provide how we gather it, what we do with it and how we protect your information.<\/p>\n<p>Communication: You can contact us through email to the email address jsanto04@gaero.mx or by post to the address Calle 31 Sur # 918, Col. La Paz, Puebla, Pue. P.C. 72160 Attn.: Personal Data Protection.<\/p>\n<p><\/p>\n<p>For what purpose do we gather and use your personal data?<\/p>\n<p><\/p>\n<p>Gold Aeron\u00e1utica, SA de CV is constantly striving to improve the quality of work and contractual relationships, therefore it\u2019s responsible for the handling of personal data provided by its workers, clients and providers, as well as the use this is given, whom in practice of this notice amongst other things, such as handling, sharing, storing, transferring, and putting at disposal of such data to authorities or third parties.<\/p>\n<p><\/p>\n<p>In addition, the store data will be only and exclusively used for the development of tax receipts, employment contract, to provide solicited services, perform transfers; furthermore for this information to be emailed. In case you oppose that your personal data is used for this purposes you can limit the sharing sending a request to the email address jsanto04@gaero.mx, or by postal mail to the address Calle 31 Sur #918, Col. La Paz, Puebla, Pue. P.C. 72160 Attn.: Personal Data Protection.<\/p>\n<p><\/p>\n<p>Gathered information and means of gathering.<\/p>\n<p>The personal data gathered with the previous purposes on the present Privacy Notice are obtained through the following channels:<\/p>\n<p>1) Web page of Gold Aeron\u00e1utica (www.gaero.mx)<\/p>\n<p>2) Facebook page for Gold Aeron\u00e1utica<\/p>\n<p>3) Twitter account for Gold Aeron\u00e1utica<\/p>\n<p>Information gathered to accomplish the above mentioned purposes on the present Privacy Notice we will use the next personal information:<\/p>\n<p>In the case of our employees:<\/p>\n<p>\u2022 Full name, marital status, E-Mail, birth certificate (Date of Birth, Place of Birth, Nationality), Age, Address (Proof of Residency such as phone bill and power bill), Private Phone, Mobile Phone, Personal signature, Photograph, Professional License, Certificate and proof of studies, certificate or proof of second language domain, Training courses, Work References, Bank Account, Personal References, Emergency Contact Information, Former Employment History, Letter of recommendation, State of residency, Taxpayer Identification Number (RFC by its acronym in Spanish),Unique Population Registry Code (CURP by its acronym in Spanish), Social Security Number, Level of Schooling, Federal License AFAC, FAA approved License, Passport, Visa, Aviation Medical Certificate, Driver\u2019s license, proof of employment, recommendation letters.<\/p>\n<p>Data about our clients:<\/p>\n<p>Name or business name; Taxpayer Identification Number (RFC); IBAN\/CLABE; Bank account number; Email and contact.<\/p>\n<p>Data about our Providers<\/p>\n<p>Name or Business name, Taxpayer Identification Number (RFC), IBAN\/CLABE, Account number, email and contact.<\/p>\n<p><\/p>\n<p>Sensitive personal data:<\/p>\n<p>Please be informed that in order to fulfill the purposes intended in this Privacy Notice, apart from the personal data previously mentioned, sensitive data can be collected and used, such as: physical condition, medical condition, disability and medical documents, bank information; which require special protection. We are committed that the data will be treated under higher safety measures that guarantee your confidentiality.<\/p>\n<p><\/p>\n<p>Personal data use limitation.<\/p>\n<p><\/p>\n<p>You can limit the use of your personal data by sending a request to the email jsanto04@gaero.mx or via postal mail to the address: Calle 32 Sur #918, Col. La Paz, Puebla, Pue. P.C. 72160 Attn.: Personal Data Protection.<\/p>\n<p><\/p>\n<p>Personal Data Sharing.<\/p>\n<p><\/p>\n<p>Your personal data can be shared and use inside the country with the following individuals, companies, organizations and\/or authorities separate from us such as, but not limited to: Instituto Mexicano del Seguro Social (IMSS), Instituto de Fondo Nacional de la Vivienda para los Trabajadores (INFONAVIT), Instituto del Fondo Nacional para el Consumo de los Trabajadores (INFONACOT), Instituciones Bancarias, Secretaria de Administraci\u00f3n Tributaria (SAT), Comisi\u00f3n Nacional del Sistema de Ahorro para el Retiro (CONSAR), Junta Federal de Conciliaci\u00f3n y Arbitraje (JFCA).<\/p>\n<p>If you do not express rejection to this data sharing, we will understand it as granted permission. The personal data will only be shared to third parties mentioned on the previous paragraph through: (I) express consent, (II) by decision or order of juridical or administrative authority, and (III) when the information used is considered public by compliance to law.<\/p>\n<p>Gold Aeron\u00e1utica will ensure through the signing of agreements and\/or the implementation of other binding documents, whose third parties keep safety, administrative, technical and physical measures suitable for safekeeping your personal data, as well as that this third parties only use your personal data for the purposes for which they were initially gathered and accordance to this Privacy Notice.<\/p>\n<p><\/p>\n<p>How can you Access, Rectify, Cancel or Oppose to the data use, or in its case, revoke your consent?<\/p>\n<p>You have the right to know the personal data that we keep from you, how we use it and the terms of the use that we give them (Access). Also, it\u2019s your right to request a correction of your personal information in case this is not updated, incorrect or incomplete (Rectify); that your information is deleted from our records and database when you feel that this is not being use according to the principles, duties and obligations intended on the legislation (Cancel); furthermore you can oppose to the use of your personal data for the specified purposes (Oppose). These rights are called ARCO rights.<\/p>\n<p>You can access, rectify, cancel or oppose to the personal data sharing and using. However, it\u2019s important that you know that not in all cases we will be able to attend your request or conclude the use immediately, as it is possible that we require keeping using your personal data for any legal obligations. Besides, you will need to consider that for certain purposes the revocation of your consent will involve that some solicited services might not be able to be provided, or the ending of the relationship with the company.<\/p>\n<p>To exercise any of the ARCO rights, the means that have been implemented are through the presentation of a request, as mentioned on the next paragraph to the email address jsanto04@gaero.mx or through postal mail: Calle 31 Sur #918, Col. La Paz, Puebla, Pue. P.C. 72160, Attn.: Personal Data Protection.<\/p>\n<p>In accordance with the article 29 of the Federal Law on Protection of Personal Data Held by Private Parties, the access, rectify, cancel or oppose (ARCO) request must contain and accompanied with the following:<\/p>\n<p>I. The name of the holder and address, or another means of communicating the response to your request.<\/p>\n<p>II. Documents corresponding to identity or, in its case, the legal representation of the holder;<\/p>\n<p>III. Clear and precise description of the personal data to which you wish to exercise any of the previous rights;<\/p>\n<p>IV. Any other element or document that might facilitate the localization of your personal data.<\/p>\n<p>The timeframe to complete your request will be before 20 labor days, counted from the day of receipt of your access, rectify, cancel or oppose request. You will be informed regarding the completion of the request by the email provided on your request, or through postal mail to the physical address provided (The 20 labor days will be concluded at the time of delivery)<\/p>\n<p><\/p>\n<p>Changes in the Privacy Notice.<\/p>\n<p>This Privacy Notice is subject to modifications, changes or updates derived from new legal requirements, from our own service needs, our privacy practice, or other causes.<\/p>\n<p>We will keep you informed on any changes that this privacy notice may suffer through our website www.gaero.mx<\/p>\n<p>However, and despite using the most secure tools, the protection of any data sent through the Internet cannot be guaranteed entirely; therefore once received, we will do as much as possible to safe keep the information.<\/p>\n<p><\/p>\n<p>Improper handling of your personal data.<\/p>\n<p>If you consider that your right for protection of personal data has been broken by any conduct of our employees, our actions or responses, assume that on the handling of your personal data there was an infringement to the previous provisions on the Federal Law of Protection of Personal Data Held by Private Parties, you can enter your complaint or respective report before the IFAI, for more information visit www.fai.org.mx<\/p>\t\t\t\t\t\t\t\t<\/div>\n\t\t\t\t<\/div>\n\t\t\t\t\t<\/div>\n\t\t<\/div>\n\t\t\t\t\t<\/div>\n\t\t<\/section>\n\t\t\t\t<\/div>\n\t\t","protected":false},"excerpt":{"rendered":"<p>PRIVACY NOTICE In compliance to the foreseen in the Federal Law on Protection of Personal Data Held by Private Parties, we wish to inform you that on the website (www.gaero.mx) as well as on personal accounts from Gold Aeron\u00e1utica, SA de CV on social networks such as \u201cFacebook\u201d and \u201cTwitter\u201d, with address Calle 31 Sur 918 Col. La Paz, Postal Code 72160, Puebla, Pue., we are committed to protect your privacy. This Privacy Notice details the information that as client, provider and worker you provide how we gather it, what we do with it and how we protect your information. Communication: You can contact us through email to the email address jsanto04@gaero.mx or by post to the address Calle 31 Sur # 918, Col. La Paz, Puebla, Pue. P.C. 72160 Attn.: Personal Data Protection. For what purpose do we gather and use your personal data? Gold Aeron\u00e1utica, SA de CV is constantly striving to improve the quality of work and contractual relationships, therefore it\u2019s responsible for the handling of personal data provided by its workers, clients and providers, as well as the use this is given, whom in practice of this notice amongst other things, such as handling, sharing, storing, transferring, and putting at disposal of such data to authorities or third parties. In addition, the store data will be only and exclusively used for the development of tax receipts, employment contract, to provide solicited services, perform transfers; furthermore for this information to be emailed. In case you oppose that your personal data is used for this purposes you can limit the sharing sending a request to the email address jsanto04@gaero.mx, or by postal mail to the address Calle 31 Sur #918, Col. La Paz, Puebla, Pue. P.C. 72160 Attn.: Personal Data Protection. Gathered information and means of gathering. The personal data gathered with the previous purposes on the present Privacy Notice are obtained through the following channels: 1) Web page of Gold Aeron\u00e1utica (www.gaero.mx) 2) Facebook page for Gold Aeron\u00e1utica 3) Twitter account for Gold Aeron\u00e1utica Information gathered to accomplish the above mentioned purposes on the present Privacy Notice we will use the next personal information: In the case of our employees: \u2022 Full name, marital status, E-Mail, birth certificate (Date of Birth, Place of Birth, Nationality), Age, Address (Proof of Residency such as phone bill and power bill), Private Phone, Mobile Phone, Personal signature, Photograph, Professional License, Certificate and proof of studies, certificate or proof of second language domain, Training courses, Work References, Bank Account, Personal References, Emergency Contact Information, Former Employment History, Letter of recommendation, State of residency, Taxpayer Identification Number (RFC by its acronym in Spanish),Unique Population Registry Code (CURP by its acronym in Spanish), Social Security Number, Level of Schooling, Federal License AFAC, FAA approved License, Passport, Visa, Aviation Medical Certificate, Driver\u2019s license, proof of employment, recommendation letters. Data about our clients: Name or business name; Taxpayer Identification Number (RFC); IBAN\/CLABE; Bank account number; Email and contact. Data about our Providers Name or Business name, Taxpayer Identification Number (RFC), IBAN\/CLABE, Account number, email and contact. Sensitive personal data: Please be informed that in order to fulfill the purposes intended in this Privacy Notice, apart from the personal data previously mentioned, sensitive data can be collected and used, such as: physical condition, medical condition, disability and medical documents, bank information; which require special protection. We are committed that the data will be treated under higher safety measures that guarantee your confidentiality. Personal data use limitation. You can limit the use of your personal data by sending a request to the email jsanto04@gaero.mx or via postal mail to the address: Calle 32 Sur #918, Col. La Paz, Puebla, Pue. P.C. 72160 Attn.: Personal Data Protection. Personal Data Sharing. Your personal data can be shared and use inside the country with the following individuals, companies, organizations and\/or authorities separate from us such as, but not limited to: Instituto Mexicano del Seguro Social (IMSS), Instituto de Fondo Nacional de la Vivienda para los Trabajadores (INFONAVIT), Instituto del Fondo Nacional para el Consumo de los Trabajadores (INFONACOT), Instituciones Bancarias, Secretaria de Administraci\u00f3n Tributaria (SAT), Comisi\u00f3n Nacional del Sistema de Ahorro para el Retiro (CONSAR), Junta Federal de Conciliaci\u00f3n y Arbitraje (JFCA). If you do not express rejection to this data sharing, we will understand it as granted permission. The personal data will only be shared to third parties mentioned on the previous paragraph through: (I) express consent, (II) by decision or order of juridical or administrative authority, and (III) when the information used is considered public by compliance to law. Gold Aeron\u00e1utica will ensure through the signing of agreements and\/or the implementation of other binding documents, whose third parties keep safety, administrative, technical and physical measures suitable for safekeeping your personal data, as well as that this third parties only use your personal data for the purposes for which they were initially gathered and accordance to this Privacy Notice. How can you Access, Rectify, Cancel or Oppose to the data use, or in its case, revoke your consent? You have the right to know the personal data that we keep from you, how we use it and the terms of the use that we give them (Access). Also, it\u2019s your right to request a correction of your personal information in case this is not updated, incorrect or incomplete (Rectify); that your information is deleted from our records and database when you feel that this is not being use according to the principles, duties and obligations intended on the legislation (Cancel); furthermore you can oppose to the use of your personal data for the specified purposes (Oppose). These rights are called ARCO rights. You can access, rectify, cancel or oppose to the personal data sharing and using. However, it\u2019s important that you know that not in all cases we will be able to attend your request or conclude the use immediately, as it is possible that we require keeping using your personal data for any legal obligations. Besides, you will<\/p>\n","protected":false},"author":1,"featured_media":0,"parent":0,"menu_order":0,"comment_status":"closed","ping_status":"closed","template":"elementor_canvas","meta":{"footnotes":""},"class_list":["post-1534","page","type-page","status-publish","hentry"],"_links":{"self":[{"href":"https:\/\/test.gaero.mx\/index.php\/wp-json\/wp\/v2\/pages\/1534","targetHints":{"allow":["GET"]}}],"collection":[{"href":"https:\/\/test.gaero.mx\/index.php\/wp-json\/wp\/v2\/pages"}],"about":[{"href":"https:\/\/test.gaero.mx\/index.php\/wp-json\/wp\/v2\/types\/page"}],"author":[{"embeddable":true,"href":"https:\/\/test.gaero.mx\/index.php\/wp-json\/wp\/v2\/users\/1"}],"replies":[{"embeddable":true,"href":"https:\/\/test.gaero.mx\/index.php\/wp-json\/wp\/v2\/comments?post=1534"}],"version-history":[{"count":11,"href":"https:\/\/test.gaero.mx\/index.php\/wp-json\/wp\/v2\/pages\/1534\/revisions"}],"predecessor-version":[{"id":1705,"href":"https:\/\/test.gaero.mx\/index.php\/wp-json\/wp\/v2\/pages\/1534\/revisions\/1705"}],"wp:attachment":[{"href":"https:\/\/test.gaero.mx\/index.php\/wp-json\/wp\/v2\/media?parent=1534"}],"curies":[{"name":"wp","href":"https:\/\/api.w.org\/{rel}","templated":true}]}}